{"id":200,"date":"2019-03-12T15:05:06","date_gmt":"2019-03-12T15:05:06","guid":{"rendered":"https:\/\/c1500426.ferozo.com\/v2\/?post_type=product&#038;p=200"},"modified":"2020-10-05T11:52:01","modified_gmt":"2020-10-05T11:52:01","slug":"tolva-autodescargable-para-camiones-con-noria","status":"publish","type":"product","link":"https:\/\/industriasbombassei.com.ar\/v2\/producto\/tolva-autodescargable-para-camiones-con-noria\/","title":{"rendered":"Tolva autodescargable para camiones 17.000 Litros"},"content":{"rendered":"","protected":false},"excerpt":{"rendered":"<p>Menor movimiento del cereal, eliminando roturas: 0%<\/p>\n<p>Menor mantenimiento<\/p>\n<p>Menor consumo de potencia<\/p>\n<p>Menor desgaste de componentes para la descarga<\/p>\n<p>&nbsp;<\/p>\n<p>&nbsp;<\/p>\n<p>Caracter\u00edsticas t\u00e9cnicas<\/p>\n<table width=\"508\">\n<tbody>\n<tr>\n<td width=\"206\">Capacidad<\/td>\n<td width=\"302\">17.000 Litros (12-14 Tn) \/ 17 mts3 (*)<\/td>\n<\/tr>\n<tr>\n<td width=\"206\">Materiales<\/td>\n<td width=\"302\">Todo tipo de granos finos y gruesos.<\/p>\n<p>Semillas y fertilizante<\/td>\n<\/tr>\n<tr>\n<td width=\"206\">Tubo de descarga<\/td>\n<td width=\"302\">Noria con retracci\u00f3n telesc\u00f3pica.<\/p>\n<p>Con 28 baldes de 0,650 Lts c\/u.<\/p>\n<p>Ancho: 430 mm<\/p>\n<p>Velocidad de giro: 200 a 300 r.p.m.<\/td>\n<\/tr>\n<tr>\n<td width=\"206\">Tiempo de descarga<\/td>\n<td width=\"302\">3 Min<\/td>\n<\/tr>\n<tr>\n<td width=\"206\">Regulaci\u00f3n descarga<\/td>\n<td width=\"302\">Con sistema de guillotina accionada hidr\u00e1ulicamente.<\/p>\n<p>Indicador de compuerta \u201cCerrado\u201d \u2013 \u201cAbierto\u201d.<\/td>\n<\/tr>\n<tr>\n<td width=\"206\">Sistema de accionamiento hidr\u00e1ulico<\/td>\n<td width=\"302\">Cami\u00f3n provisto con central hidr\u00e1ulica (bomba, dep\u00f3sito y acople)<\/p>\n<p>Giro de noria: motor hidr\u00e1ulico de 100 cm3 \u2013 60 Lts\/min \u2013 200 a 300 r.p.m.<\/p>\n<p>Distribuidor de tres comandos para:<\/p>\n<p>&#8211; Accionamiento de motor hidr\u00e1ulico<\/p>\n<p>-Accionamiento para extensi\u00f3n de noria a posici\u00f3n de descarga<\/p>\n<p>&#8211; Accionamiento para apertura y cierre de guillotina<\/td>\n<\/tr>\n<tr>\n<td width=\"206\">Compuerta inferior de descarga<\/td>\n<td width=\"302\">Guillotina de accionamiento manual para descarga de emergencia o descarga subterr\u00e1nea.<\/td>\n<\/tr>\n<tr>\n<td width=\"206\">Guardabarros<\/td>\n<td width=\"302\">Acorde a modelo de cami\u00f3n<\/td>\n<\/tr>\n<tr>\n<td width=\"206\">Cobertor de lona<\/td>\n<td width=\"302\">Accionado desde el piso con cierre total<\/td>\n<\/tr>\n<tr>\n<td width=\"206\">Instalaci\u00f3n el\u00e9ctrica<\/td>\n<td width=\"302\">Luces de posici\u00f3n, indicadores de giro y luces de stop.<\/td>\n<\/tr>\n<\/tbody>\n<\/table>\n<p>&nbsp;<\/p>\n<p>(*) Variable seg\u00fan modelo de cami\u00f3n.<\/p>\n<p>&nbsp;<\/p>\n<p>&nbsp;<\/p>\n<p>Opcionales<\/p>\n<p>&nbsp;<\/p>\n<table>\n<tbody>\n<tr>\n<td width=\"206\">Kit de descarga para semillas y fertilizantes<\/td>\n<td width=\"302\">Boquilla adaptadora con manga de 600mm x 160mm<\/p>\n<p>Con tubo telesc\u00f3pico flexible de 160mm a 180mm x 3.2 metros<\/td>\n<\/tr>\n<tr>\n<td width=\"206\">Divisor<\/td>\n<td width=\"302\">Para semillas y fertilizante<\/td>\n<\/tr>\n<tr>\n<td width=\"206\">Guillotina doble<\/td>\n<td width=\"302\">Para descarga de semillas y\/o fertilizante. Uso exclusivo con divisor.<\/td>\n<\/tr>\n<tr>\n<td width=\"206\">Dep\u00f3sito lateral<\/td>\n<td width=\"302\">Con puertas para carga\/descarga<\/td>\n<\/tr>\n<tr>\n<td width=\"206\">Dep\u00f3sito trasero<\/td>\n<td width=\"302\">Con puertas para carga\/descarga<\/td>\n<\/tr>\n<tr>\n<td width=\"206\">Cabina dormitorio<\/td>\n<td width=\"302\"><\/td>\n<\/tr>\n<\/tbody>\n<\/table>\n<p>&nbsp;<\/p>\n<p>&nbsp;<\/p>\n<p align=\"justify\">* Bombassei Argentina S.A. se reserva el derecho de discontinuar los modelos producidos, como as\u00ed tambi\u00e9n de realizar modificaciones de los modelos fabricados, sin que exista compromiso de realizar dichas modificaciones en productos ya comercializados.<\/p>\n","protected":false},"featured_media":201,"template":"","meta":[],"product_brand":[],"product_cat":[28],"product_tag":[54,55,53],"class_list":{"0":"post-200","1":"product","2":"type-product","3":"status-publish","4":"has-post-thumbnail","6":"product_cat-tolvas-camion","7":"product_tag-acoplado-tolva","8":"product_tag-autodescargable","9":"product_tag-tolva-camion","11":"first","12":"instock","13":"shipping-taxable","14":"product-type-simple"},"_links":{"self":[{"href":"https:\/\/industriasbombassei.com.ar\/v2\/wp-json\/wp\/v2\/product\/200","targetHints":{"allow":["GET"]}}],"collection":[{"href":"https:\/\/industriasbombassei.com.ar\/v2\/wp-json\/wp\/v2\/product"}],"about":[{"href":"https:\/\/industriasbombassei.com.ar\/v2\/wp-json\/wp\/v2\/types\/product"}],"version-history":[{"count":7,"href":"https:\/\/industriasbombassei.com.ar\/v2\/wp-json\/wp\/v2\/product\/200\/revisions"}],"predecessor-version":[{"id":648,"href":"https:\/\/industriasbombassei.com.ar\/v2\/wp-json\/wp\/v2\/product\/200\/revisions\/648"}],"wp:featuredmedia":[{"embeddable":true,"href":"https:\/\/industriasbombassei.com.ar\/v2\/wp-json\/wp\/v2\/media\/201"}],"wp:attachment":[{"href":"https:\/\/industriasbombassei.com.ar\/v2\/wp-json\/wp\/v2\/media?parent=200"}],"wp:term":[{"taxonomy":"product_brand","embeddable":true,"href":"https:\/\/industriasbombassei.com.ar\/v2\/wp-json\/wp\/v2\/product_brand?post=200"},{"taxonomy":"product_cat","embeddable":true,"href":"https:\/\/industriasbombassei.com.ar\/v2\/wp-json\/wp\/v2\/product_cat?post=200"},{"taxonomy":"product_tag","embeddable":true,"href":"https:\/\/industriasbombassei.com.ar\/v2\/wp-json\/wp\/v2\/product_tag?post=200"}],"curies":[{"name":"wp","href":"https:\/\/api.w.org\/{rel}","templated":true}]}}