{"id":413,"date":"2019-03-25T14:17:41","date_gmt":"2019-03-25T14:17:41","guid":{"rendered":"https:\/\/c1500426.ferozo.com\/v2\/?page_id=413"},"modified":"2022-03-28T15:12:45","modified_gmt":"2022-03-28T15:12:45","slug":"tolvas-autodescargables-granos-finos-gruesos","status":"publish","type":"page","link":"https:\/\/industriasbombassei.com.ar\/v2\/tolvas-autodescargables-granos-finos-gruesos\/","title":{"rendered":"Tolvas autodescargables para granos finos y gruesos"},"content":{"rendered":"\t\t<div data-elementor-type=\"wp-post\" data-elementor-id=\"413\" class=\"elementor elementor-413\" data-elementor-post-type=\"page\">\n\t\t\t\t\t\t<section class=\"elementor-section elementor-top-section elementor-element elementor-element-7845045 elementor-section-boxed elementor-section-height-default elementor-section-height-default\" data-id=\"7845045\" data-element_type=\"section\" data-e-type=\"section\" data-settings=\"{&quot;background_background&quot;:&quot;classic&quot;}\">\n\t\t\t\t\t\t<div class=\"elementor-container elementor-column-gap-default\">\n\t\t\t\t\t<div class=\"elementor-column elementor-col-100 elementor-top-column elementor-element elementor-element-5181118\" data-id=\"5181118\" data-element_type=\"column\" data-e-type=\"column\">\n\t\t\t<div class=\"elementor-widget-wrap elementor-element-populated\">\n\t\t\t\t\t\t<div class=\"elementor-element elementor-element-f9c311a elementor-widget elementor-widget-button\" data-id=\"f9c311a\" data-element_type=\"widget\" data-e-type=\"widget\" data-widget_type=\"button.default\">\n\t\t\t\t<div class=\"elementor-widget-container\">\n\t\t\t\t\t\t\t\t\t<div class=\"elementor-button-wrapper\">\n\t\t\t\t\t<a class=\"elementor-button elementor-button-link elementor-size-sm\" href=\"https:\/\/industriasbombassei.com.ar\/v2\/tolvas\/\">\n\t\t\t\t\t\t<span class=\"elementor-button-content-wrapper\">\n\t\t\t\t\t\t<span class=\"elementor-button-icon\">\n\t\t\t\t\t\t\t\t\t<i class=\"fa fa-arrow-left\" aria-hidden=\"true\"><\/i>\n\t\t\t\t\t\t\t<\/span>\n\t\t\t\t\t\t\t\t\t<span class=\"elementor-button-text\">Tolvas autodescargables<\/span>\n\t\t\t\t\t<\/span>\n\t\t\t\t\t<\/a>\n\t\t\t\t<\/div>\n\t\t\t\t\t\t\t\t<\/div>\n\t\t\t\t<\/div>\n\t\t\t\t<div class=\"elementor-element elementor-element-8f8bb04 elementor-widget elementor-widget-heading\" data-id=\"8f8bb04\" data-element_type=\"widget\" data-e-type=\"widget\" data-widget_type=\"heading.default\">\n\t\t\t\t<div class=\"elementor-widget-container\">\n\t\t\t\t\t<h1 class=\"elementor-heading-title elementor-size-default\">Tolvas autodescargables para granos finos y gruesos<\/h1>\t\t\t\t<\/div>\n\t\t\t\t<\/div>\n\t\t\t\t\t<\/div>\n\t\t<\/div>\n\t\t\t\t\t<\/div>\n\t\t<\/section>\n\t\t\t\t<section class=\"elementor-section elementor-top-section elementor-element elementor-element-06e5f3e elementor-section-boxed elementor-section-height-default elementor-section-height-default\" data-id=\"06e5f3e\" data-element_type=\"section\" data-e-type=\"section\">\n\t\t\t\t\t\t<div class=\"elementor-container elementor-column-gap-default\">\n\t\t\t\t\t<div class=\"elementor-column elementor-col-100 elementor-top-column elementor-element elementor-element-ad68f9a\" data-id=\"ad68f9a\" data-element_type=\"column\" data-e-type=\"column\">\n\t\t\t<div class=\"elementor-widget-wrap elementor-element-populated\">\n\t\t\t\t\t\t<div class=\"elementor-element elementor-element-42c6e7d eael-product-grid-column-3 elementor-widget elementor-widget-eicon-woocommerce\" data-id=\"42c6e7d\" data-element_type=\"widget\" data-e-type=\"widget\" data-widget_type=\"eicon-woocommerce.default\">\n\t\t\t\t<div class=\"elementor-widget-container\">\n\t\t\t\t\t\n        <div class=\"eael-product-grid eael-product-simple masonry\" id=\"eael-product-grid\" data-widget-id=\"42c6e7d\" data-page-id=\"413\" data-nonce=\"025c34032b\" >\n            <div class=\"woocommerce\">\n                <ul class=\"products eael-post-appender eael-post-appender-42c6e7d\" data-ssi-desktop=\"no\" data-ssi-tablet=\"no\" data-ssi-mobile=\"no\" data-layout-mode=\"masonry\"> <li class=\"product \">\n<div class=\"eael-product-wrap\" data-src=\"\" data-src-hover=\"\">\n    <img fetchpriority=\"high\" decoding=\"async\" width=\"300\" height=\"300\" src=\"https:\/\/industriasbombassei.com.ar\/v2\/wp-content\/uploads\/2019\/10\/39m3-06-reflejos-300x300.jpg\" class=\"attachment-woocommerce_thumbnail size-woocommerce_thumbnail wvs-archive-product-image\" alt=\"Tolva autodescargable 33000 litros\" loading=\"eager\" srcset=\"https:\/\/industriasbombassei.com.ar\/v2\/wp-content\/uploads\/2019\/10\/39m3-06-reflejos-e1593094322899-300x300.jpg 300w, https:\/\/industriasbombassei.com.ar\/v2\/wp-content\/uploads\/2019\/10\/39m3-06-reflejos-e1593094322899-100x100.jpg 100w, https:\/\/industriasbombassei.com.ar\/v2\/wp-content\/uploads\/2019\/10\/39m3-06-reflejos-e1593094322899-600x600.jpg 600w, https:\/\/industriasbombassei.com.ar\/v2\/wp-content\/uploads\/2019\/10\/39m3-06-reflejos-150x150.jpg 150w, https:\/\/industriasbombassei.com.ar\/v2\/wp-content\/uploads\/2019\/10\/39m3-06-reflejos-768x768.jpg 768w, https:\/\/industriasbombassei.com.ar\/v2\/wp-content\/uploads\/2019\/10\/39m3-06-reflejos-e1593094322899.jpg 800w\" sizes=\"(max-width: 300px) 100vw, 300px\" \/><div class=\"eael-product-title\">\n    <a href=\"https:\/\/industriasbombassei.com.ar\/v2\/producto\/tolva-autodescargable-39000-litros\/\" class=\"woocommerce-LoopProduct-link woocommerce-loop-product__link\"><h2 class=\"woocommerce-loop-product__title\">Tolva autodescargable 33000 litros<\/h2><\/a>\n    <\/div><div class=\"eael-product-price\"><\/div>    <a href=\"https:\/\/industriasbombassei.com.ar\/v2\/producto\/tolva-autodescargable-39000-litros\/\" aria-describedby=\"woocommerce_loop_add_to_cart_link_describedby_595\" data-quantity=\"1\" class=\"button product_type_simple\" data-product_id=\"595\" data-product_sku=\"\" aria-label=\"Lee m\u00e1s sobre &ldquo;Tolva autodescargable 33000 litros&rdquo;\" rel=\"nofollow\" data-success_message=\"\">Leer m\u00e1s<\/a>\t<span id=\"woocommerce_loop_add_to_cart_link_describedby_595\" class=\"screen-reader-text\">\n\t\t\t<\/span>\n    \n<\/div>\n\n<\/li> <li class=\"product \">\n<div class=\"eael-product-wrap\" data-src=\"\" data-src-hover=\"\">\n    <img decoding=\"async\" width=\"300\" height=\"300\" src=\"https:\/\/industriasbombassei.com.ar\/v2\/wp-content\/uploads\/2019\/03\/tolva-29600-bombassei-2-300x300.jpg\" class=\"attachment-woocommerce_thumbnail size-woocommerce_thumbnail wvs-archive-product-image\" alt=\"tolva cerealera\" loading=\"eager\" srcset=\"https:\/\/industriasbombassei.com.ar\/v2\/wp-content\/uploads\/2019\/03\/tolva-29600-bombassei-2-300x300.jpg 300w, https:\/\/industriasbombassei.com.ar\/v2\/wp-content\/uploads\/2019\/03\/tolva-29600-bombassei-2-150x150.jpg 150w, https:\/\/industriasbombassei.com.ar\/v2\/wp-content\/uploads\/2019\/03\/tolva-29600-bombassei-2-768x768.jpg 768w, https:\/\/industriasbombassei.com.ar\/v2\/wp-content\/uploads\/2019\/03\/tolva-29600-bombassei-2-600x600.jpg 600w, https:\/\/industriasbombassei.com.ar\/v2\/wp-content\/uploads\/2019\/03\/tolva-29600-bombassei-2-100x100.jpg 100w, https:\/\/industriasbombassei.com.ar\/v2\/wp-content\/uploads\/2019\/03\/tolva-29600-bombassei-2.jpg 800w\" sizes=\"(max-width: 300px) 100vw, 300px\" \/><div class=\"eael-product-title\">\n    <a href=\"https:\/\/industriasbombassei.com.ar\/v2\/producto\/tolva-autodescargable-29600-litros\/\" class=\"woocommerce-LoopProduct-link woocommerce-loop-product__link\"><h2 class=\"woocommerce-loop-product__title\">Tolva autodescargable 30000 litros<\/h2><\/a>\n    <\/div><div class=\"eael-product-price\"><\/div>    <a href=\"https:\/\/industriasbombassei.com.ar\/v2\/producto\/tolva-autodescargable-29600-litros\/\" aria-describedby=\"woocommerce_loop_add_to_cart_link_describedby_454\" data-quantity=\"1\" class=\"button product_type_simple\" data-product_id=\"454\" data-product_sku=\"\" aria-label=\"Lee m\u00e1s sobre &ldquo;Tolva autodescargable 30000 litros&rdquo;\" rel=\"nofollow\" data-success_message=\"\">Leer m\u00e1s<\/a>\t<span id=\"woocommerce_loop_add_to_cart_link_describedby_454\" class=\"screen-reader-text\">\n\t\t\t<\/span>\n    \n<\/div>\n\n<\/li> <li class=\"product \">\n<div class=\"eael-product-wrap\" data-src=\"\" data-src-hover=\"\">\n    <img decoding=\"async\" width=\"300\" height=\"300\" src=\"https:\/\/industriasbombassei.com.ar\/v2\/wp-content\/uploads\/2019\/03\/tolva-17000-litros-1-300x300.jpg\" class=\"attachment-woocommerce_thumbnail size-woocommerce_thumbnail wvs-archive-product-image\" alt=\"Tolva autodescargable 17000 litros\" loading=\"eager\" srcset=\"https:\/\/industriasbombassei.com.ar\/v2\/wp-content\/uploads\/2019\/03\/tolva-17000-litros-1-300x300.jpg 300w, https:\/\/industriasbombassei.com.ar\/v2\/wp-content\/uploads\/2019\/03\/tolva-17000-litros-1-150x150.jpg 150w, https:\/\/industriasbombassei.com.ar\/v2\/wp-content\/uploads\/2019\/03\/tolva-17000-litros-1-768x768.jpg 768w, https:\/\/industriasbombassei.com.ar\/v2\/wp-content\/uploads\/2019\/03\/tolva-17000-litros-1-600x600.jpg 600w, https:\/\/industriasbombassei.com.ar\/v2\/wp-content\/uploads\/2019\/03\/tolva-17000-litros-1-100x100.jpg 100w, https:\/\/industriasbombassei.com.ar\/v2\/wp-content\/uploads\/2019\/03\/tolva-17000-litros-1.jpg 800w\" sizes=\"(max-width: 300px) 100vw, 300px\" \/><div class=\"eael-product-title\">\n    <a href=\"https:\/\/industriasbombassei.com.ar\/v2\/producto\/tolva-autodescargable-17000-litros\/\" class=\"woocommerce-LoopProduct-link woocommerce-loop-product__link\"><h2 class=\"woocommerce-loop-product__title\">Tolva autodescargable 17000 litros<\/h2><\/a>\n    <\/div><div class=\"eael-product-price\"><\/div>    <a href=\"https:\/\/industriasbombassei.com.ar\/v2\/producto\/tolva-autodescargable-17000-litros\/\" aria-describedby=\"woocommerce_loop_add_to_cart_link_describedby_180\" data-quantity=\"1\" class=\"button product_type_simple\" data-product_id=\"180\" data-product_sku=\"\" aria-label=\"Lee m\u00e1s sobre &ldquo;Tolva autodescargable 17000 litros&rdquo;\" rel=\"nofollow\" data-success_message=\"\">Leer m\u00e1s<\/a>\t<span id=\"woocommerce_loop_add_to_cart_link_describedby_180\" class=\"screen-reader-text\">\n\t\t\t<\/span>\n    \n<\/div>\n\n<\/li><\/ul>            <\/div>\n        <\/div>\n\n        <script type=\"text\/javascript\">\n            jQuery(document).ready(function($) {\n                var $scope = jQuery(\".elementor-element-42c6e7d\");\n                var $products = $('.products', $scope);\n                var $layout_mode = $products.data('layout-mode');\n                \n                if ( $layout_mode === 'masonry' ) {\n                    \/\/ init isotope\n                    var $isotope_products = $products.isotope({\n                        itemSelector: \"li.product\",\n                        layoutMode: $layout_mode,\n                        percentPosition: true\n                    });\n\n                    $isotope_products.imagesLoaded().progress( function() {\n                        $isotope_products.isotope('layout');\n                    })\n                    \n                }\n            });\n        <\/script>\n        \t\t\t\t<\/div>\n\t\t\t\t<\/div>\n\t\t\t\t\t<\/div>\n\t\t<\/div>\n\t\t\t\t\t<\/div>\n\t\t<\/section>\n\t\t\t\t<\/div>\n\t\t","protected":false},"excerpt":{"rendered":"<p>Tolvas autodescargables Tolvas autodescargables para granos finos y gruesos Tolva autodescargable 39000 litros Leer m\u00e1s Tolva autodescargable 29600 litros Leer m\u00e1s Tolva autodescargable 26000 litros Leer m\u00e1s Tolva autodescargable 17000 &#8230;<\/p>\n","protected":false},"author":2,"featured_media":0,"parent":0,"menu_order":0,"comment_status":"closed","ping_status":"closed","template":"elementor_header_footer","meta":{"footnotes":""},"class_list":["post-413","page","type-page","status-publish","hentry"],"_links":{"self":[{"href":"https:\/\/industriasbombassei.com.ar\/v2\/wp-json\/wp\/v2\/pages\/413","targetHints":{"allow":["GET"]}}],"collection":[{"href":"https:\/\/industriasbombassei.com.ar\/v2\/wp-json\/wp\/v2\/pages"}],"about":[{"href":"https:\/\/industriasbombassei.com.ar\/v2\/wp-json\/wp\/v2\/types\/page"}],"author":[{"embeddable":true,"href":"https:\/\/industriasbombassei.com.ar\/v2\/wp-json\/wp\/v2\/users\/2"}],"replies":[{"embeddable":true,"href":"https:\/\/industriasbombassei.com.ar\/v2\/wp-json\/wp\/v2\/comments?post=413"}],"version-history":[{"count":10,"href":"https:\/\/industriasbombassei.com.ar\/v2\/wp-json\/wp\/v2\/pages\/413\/revisions"}],"predecessor-version":[{"id":677,"href":"https:\/\/industriasbombassei.com.ar\/v2\/wp-json\/wp\/v2\/pages\/413\/revisions\/677"}],"wp:attachment":[{"href":"https:\/\/industriasbombassei.com.ar\/v2\/wp-json\/wp\/v2\/media?parent=413"}],"curies":[{"name":"wp","href":"https:\/\/api.w.org\/{rel}","templated":true}]}}